{"id":9,"date":"2026-01-20T15:24:03","date_gmt":"2026-01-20T15:24:03","guid":{"rendered":"https:\/\/farkasandri.hu\/?page_id=9"},"modified":"2026-03-05T17:05:33","modified_gmt":"2026-03-05T17:05:33","slug":"fooldal","status":"publish","type":"page","link":"https:\/\/farkasandri.hu\/","title":{"rendered":"f\u0151oldal"},"content":{"rendered":"<p>[et_pb_section fb_built=&#8221;1&#8243; _builder_version=&#8221;4.27.5&#8243; _module_preset=&#8221;default&#8221; background_image=&#8221;https:\/\/farkasandri.hu\/wp-content\/uploads\/2026\/03\/FANEW11-scaled.jpg&#8221; custom_padding=&#8221;||73px|||&#8221; hover_enabled=&#8221;0&#8243; global_colors_info=&#8221;{}&#8221; title_text=&#8221;FANEW11&#8243; sticky_enabled=&#8221;0&#8243;][et_pb_row _builder_version=&#8221;4.27.5&#8243; _module_preset=&#8221;default&#8221; width=&#8221;90%&#8221; custom_margin=&#8221;123px|auto||auto||&#8221; global_colors_info=&#8221;{}&#8221;][et_pb_column type=&#8221;4_4&#8243; _builder_version=&#8221;4.27.5&#8243; _module_preset=&#8221;default&#8221; global_colors_info=&#8221;{}&#8221;][et_pb_text _builder_version=&#8221;4.27.5&#8243; _module_preset=&#8221;default&#8221; text_font=&#8221;Times New Roman|700|||||||&#8221; text_text_color=&#8221;#fff200&#8243; text_font_size=&#8221;53px&#8221; text_letter_spacing=&#8221;1px&#8221; global_colors_info=&#8221;{}&#8221;]<\/p>\n<p>biofeeling<\/p>\n<p>[\/et_pb_text][et_pb_text _builder_version=&#8221;4.27.5&#8243; _module_preset=&#8221;default&#8221; text_font=&#8221;&#8211;et_global_body_font|300|||||||&#8221; text_text_color=&#8221;#FFFFFF&#8221; text_font_size=&#8221;47px&#8221; custom_margin=&#8221;10px|||||&#8221; global_colors_info=&#8221;{}&#8221;]<\/p>\n<p>\u00e9rezd az er\u0151d!<\/p>\n<p>[\/et_pb_text][\/et_pb_column][\/et_pb_row][et_pb_row _builder_version=&#8221;4.27.5&#8243; _module_preset=&#8221;default&#8221; width=&#8221;90%&#8221; custom_margin=&#8221;43px|auto||auto||&#8221; global_colors_info=&#8221;{}&#8221;][et_pb_column type=&#8221;4_4&#8243; _builder_version=&#8221;4.27.5&#8243; _module_preset=&#8221;default&#8221; global_colors_info=&#8221;{}&#8221;][et_pb_text _builder_version=&#8221;4.27.5&#8243; _module_preset=&#8221;default&#8221; text_font=&#8221;&#8211;et_global_body_font||||||||&#8221; text_text_color=&#8221;#FFFFFF&#8221; text_font_size=&#8221;24px&#8221; text_line_height=&#8221;1.3em&#8221; custom_margin=&#8221;10px|||||&#8221; global_colors_info=&#8221;{}&#8221;]<\/p>\n<p>bels\u0151 \u00e9s k\u00fcls\u0151 er\u0151forr\u00e1sok<br \/>felfedez\u00e9se, fejleszt\u00e9se, aktiv\u00e1l\u00e1sa<\/p>\n<p>[\/et_pb_text][\/et_pb_column][\/et_pb_row][\/et_pb_section][et_pb_section fb_built=&#8221;1&#8243; _builder_version=&#8221;4.27.5&#8243; _module_preset=&#8221;default&#8221; custom_padding=&#8221;0px|||||&#8221; global_colors_info=&#8221;{}&#8221;][et_pb_row _builder_version=&#8221;4.27.5&#8243; _module_preset=&#8221;default&#8221; width=&#8221;90%&#8221; global_colors_info=&#8221;{}&#8221;][et_pb_column type=&#8221;4_4&#8243; _builder_version=&#8221;4.27.5&#8243; _module_preset=&#8221;default&#8221; global_colors_info=&#8221;{}&#8221;][et_pb_text _builder_version=&#8221;4.27.5&#8243; _module_preset=&#8221;default&#8221; text_font=&#8221;&#8211;et_global_body_font|500|on||||||&#8221; text_text_color=&#8221;#7f7f7f&#8221; text_font_size=&#8221;20px&#8221; text_line_height=&#8221;2.5em&#8221; custom_margin=&#8221;10px|||||&#8221; global_colors_info=&#8221;{}&#8221;]<\/p>\n<p>volt egy pont, amikor\u2026<br \/>nem kif\u00e1radtam, nem belef\u00e1radtam, nem elf\u00e1radtam, nem lef\u00e1radtam csak egyszer\u0171en azt \u00e9reztem, hogy sok.<br \/>sok vagyok magamnak, nekem m\u00e1sok, \u00e9n a k\u00f6rnyezetemnek, a k\u00fclvil\u00e1g nekem.<br \/>persze a dolgok nem csup\u00e1n kint, hanem bent t\u00f6rt\u00e9nnek igaz\u00e1n.<br \/>a v\u00e1ltoz\u00e1s is. amikor meg\u00e9reztem, hogy az a valami nem sok, hanem van, amib\u0151l akkor \u00e9ppen nem volt el\u00e9g.<\/p>\n<p>[\/et_pb_text][et_pb_text _builder_version=&#8221;4.27.5&#8243; _module_preset=&#8221;default&#8221; text_font=&#8221;&#8211;et_global_body_font|300|||||||&#8221; text_text_color=&#8221;#7f7f7f&#8221; text_font_size=&#8221;28px&#8221; global_colors_info=&#8221;{}&#8221;]<span style=\"background-color:#FFF200; padding:3px;\">mir\u0151l van sz\u00f3? <\/span>[\/et_pb_text][et_pb_text _builder_version=&#8221;4.27.5&#8243; _module_preset=&#8221;default&#8221; text_font=&#8221;&#8211;et_global_body_font|500|||||||&#8221; text_text_color=&#8221;#f6f6f6&#8243; text_font_size=&#8221;18px&#8221; text_line_height=&#8221;1.3em&#8221; custom_margin=&#8221;10px|||||&#8221; global_colors_info=&#8221;{}&#8221;]<\/p>\n<p><span style=\"color: #7f7f7f;\">seg\u00edtek Neked is a benned rejl\u0151 er\u0151forr\u00e1said megtal\u00e1lni, rendszerezni, kialak\u00edtani, hogy mobiliz\u00e1lni tudd \u00e9ppen ott, akkor, amikor sz\u00fcks\u00e9ged van r\u00e1juk!<\/span><\/p>\n<p>[\/et_pb_text][\/et_pb_column][\/et_pb_row][\/et_pb_section]<\/p>\n","protected":false},"excerpt":{"rendered":"<p>biofeeling\u00e9rezd az er\u0151d!bels\u0151 \u00e9s k\u00fcls\u0151 er\u0151forr\u00e1sokfelfedez\u00e9se, fejleszt\u00e9se, aktiv\u00e1l\u00e1savolt egy pont, amikor\u2026nem kif\u00e1radtam, nem belef\u00e1radtam, nem elf\u00e1radtam, nem lef\u00e1radtam csak egyszer\u0171en azt \u00e9reztem, hogy sok.sok vagyok magamnak, nekem m\u00e1sok, \u00e9n a k\u00f6rnyezetemnek, a k\u00fclvil\u00e1g nekem.persze a dolgok nem csup\u00e1n kint, hanem bent t\u00f6rt\u00e9nnek igaz\u00e1n.a v\u00e1ltoz\u00e1s is. amikor meg\u00e9reztem, hogy az a valami nem sok, hanem van, [&hellip;]<\/p>\n","protected":false},"author":1,"featured_media":0,"parent":0,"menu_order":0,"comment_status":"closed","ping_status":"closed","template":"","meta":{"_et_pb_use_builder":"on","_et_pb_old_content":"","_et_gb_content_width":"","footnotes":""},"class_list":["post-9","page","type-page","status-publish","hentry"],"_links":{"self":[{"href":"https:\/\/farkasandri.hu\/index.php\/wp-json\/wp\/v2\/pages\/9","targetHints":{"allow":["GET"]}}],"collection":[{"href":"https:\/\/farkasandri.hu\/index.php\/wp-json\/wp\/v2\/pages"}],"about":[{"href":"https:\/\/farkasandri.hu\/index.php\/wp-json\/wp\/v2\/types\/page"}],"author":[{"embeddable":true,"href":"https:\/\/farkasandri.hu\/index.php\/wp-json\/wp\/v2\/users\/1"}],"replies":[{"embeddable":true,"href":"https:\/\/farkasandri.hu\/index.php\/wp-json\/wp\/v2\/comments?post=9"}],"version-history":[{"count":13,"href":"https:\/\/farkasandri.hu\/index.php\/wp-json\/wp\/v2\/pages\/9\/revisions"}],"predecessor-version":[{"id":138,"href":"https:\/\/farkasandri.hu\/index.php\/wp-json\/wp\/v2\/pages\/9\/revisions\/138"}],"wp:attachment":[{"href":"https:\/\/farkasandri.hu\/index.php\/wp-json\/wp\/v2\/media?parent=9"}],"curies":[{"name":"wp","href":"https:\/\/api.w.org\/{rel}","templated":true}]}}