{"id":18,"date":"2026-01-20T15:26:03","date_gmt":"2026-01-20T15:26:03","guid":{"rendered":"https:\/\/farkasandri.hu\/?page_id=18"},"modified":"2026-02-04T21:33:56","modified_gmt":"2026-02-04T21:33:56","slug":"esmeg","status":"publish","type":"page","link":"https:\/\/farkasandri.hu\/index.php\/esmeg\/","title":{"rendered":"\u00e9sm\u00e9g"},"content":{"rendered":"<p>[et_pb_section fb_built=&#8221;1&#8243; _builder_version=&#8221;4.27.5&#8243; _module_preset=&#8221;default&#8221; custom_padding=&#8221;0px||8px|||&#8221; global_colors_info=&#8221;{}&#8221;][et_pb_row _builder_version=&#8221;4.27.5&#8243; _module_preset=&#8221;default&#8221; width=&#8221;90%&#8221; global_colors_info=&#8221;{}&#8221;][et_pb_column type=&#8221;4_4&#8243; _builder_version=&#8221;4.27.5&#8243; _module_preset=&#8221;default&#8221; global_colors_info=&#8221;{}&#8221;][et_pb_text _builder_version=&#8221;4.27.5&#8243; _module_preset=&#8221;default&#8221; text_font=&#8221;&#8211;et_global_body_font|300|||||||&#8221; text_text_color=&#8221;#7f7f7f&#8221; text_font_size=&#8221;20px&#8221; text_line_height=&#8221;2em&#8221; custom_margin=&#8221;10px|||||&#8221; hover_enabled=&#8221;0&#8243; global_colors_info=&#8221;{}&#8221; sticky_enabled=&#8221;0&#8243;]<span style=\"background-color:#FFF200; padding:3px;\"> Performance, esem\u00e9ny <\/span><\/p>\n<p>Az elm\u00falt \u00e9vek alatt sz\u00e1mos rendezv\u00e9nyt szerveztem \u00e9s k\u00fcl\u00f6nf\u00e9le \u00e9letm\u00f3d koncepci\u00f3 \u00e9rz\u00e9keny\u00edt\u0151 programokat dolgoztam ki, val\u00f3s\u00edtottam meg. Komfortz\u00f3na \u00e1tl\u00e9p\u00e9sek, er\u0151forr\u00e1sok meg\u00e9l\u00e9se saj\u00e1t, vagy felk\u00e9rt t\u00e9ma kapcs\u00e1n, alternat\u00edv term\u00e9szetkapcsol\u00f3d\u00e1sok\u2026 &#8211; ahol tal\u00e1lkozni lehet velem.<\/p>\n<p>Nagyon szeretek besz\u00e9lni kedvenc t\u00e9m\u00e1imr\u00f3l, \u00f6r\u00f6mmel adom \u00e1t tud\u00e1som <span style=\"background-color:#FFF200; padding:3px;\"> workshop <\/span> keretein bel\u00fcl is egy-egy t\u00e9m\u00e1ra, k\u00f6z\u00f6ss\u00e9gre form\u00e1lva.<\/p>\n<p>Interakt\u00edvan igyekszem elmondani hasznos tudnival\u00f3kat az eg\u00e9szs\u00e9ges \u00e9letm\u00f3ddal kapcsolatos alapvet\u00e9sekr\u0151l \u00e9s lehet\u0151s\u00e9gekrol, a j\u00f3l-l\u00e9t dimenzi\u00f3ir\u00f3l, a stresszhez val\u00f3 hozz\u00e1\u00e1ll\u00e1sr\u00f3l, annak alternat\u00edv megk\u00f6zel\u00edt\u00e9s\u00e9r\u0151l, <span style=\"background-color:#FFF200; padding:3px;\">arr\u00f3l, hogy hol keress\u00fck er\u0151forr\u00e1sainkat ahhoz, hogy kiegyens\u00falyozottabb, harmonikusabb mindennapokat \u00e9lj\u00fcnk.<\/span>[\/et_pb_text][\/et_pb_column][\/et_pb_row][\/et_pb_section][et_pb_section fb_built=&#8221;1&#8243; fullwidth=&#8221;on&#8221; _builder_version=&#8221;4.27.5&#8243; _module_preset=&#8221;default&#8221; global_colors_info=&#8221;{}&#8221;][et_pb_fullwidth_image title_text=&#8221;lab&#8221; _builder_version=&#8221;4.27.5&#8243; _module_preset=&#8221;default&#8221; global_colors_info=&#8221;{}&#8221;][\/et_pb_fullwidth_image][\/et_pb_section]<\/p>\n","protected":false},"excerpt":{"rendered":"<p>Performance, esem\u00e9ny Az elm\u00falt \u00e9vek alatt sz\u00e1mos rendezv\u00e9nyt szerveztem \u00e9s k\u00fcl\u00f6nf\u00e9le \u00e9letm\u00f3d koncepci\u00f3 \u00e9rz\u00e9keny\u00edt\u0151 programokat dolgoztam ki, val\u00f3s\u00edtottam meg. Komfortz\u00f3na \u00e1tl\u00e9p\u00e9sek, er\u0151forr\u00e1sok meg\u00e9l\u00e9se saj\u00e1t, vagy felk\u00e9rt t\u00e9ma kapcs\u00e1n, alternat\u00edv term\u00e9szetkapcsol\u00f3d\u00e1sok\u2026 &#8211; ahol tal\u00e1lkozni lehet velem. Nagyon szeretek besz\u00e9lni kedvenc t\u00e9m\u00e1imr\u00f3l, \u00f6r\u00f6mmel adom \u00e1t tud\u00e1som workshop keretein bel\u00fcl is egy-egy t\u00e9m\u00e1ra, k\u00f6z\u00f6ss\u00e9gre form\u00e1lva. Interakt\u00edvan igyekszem elmondani [&hellip;]<\/p>\n","protected":false},"author":1,"featured_media":0,"parent":0,"menu_order":0,"comment_status":"closed","ping_status":"closed","template":"","meta":{"_et_pb_use_builder":"on","_et_pb_old_content":"<!-- wp:divi\/placeholder \/-->","_et_gb_content_width":"","footnotes":""},"class_list":["post-18","page","type-page","status-publish","hentry"],"_links":{"self":[{"href":"https:\/\/farkasandri.hu\/index.php\/wp-json\/wp\/v2\/pages\/18","targetHints":{"allow":["GET"]}}],"collection":[{"href":"https:\/\/farkasandri.hu\/index.php\/wp-json\/wp\/v2\/pages"}],"about":[{"href":"https:\/\/farkasandri.hu\/index.php\/wp-json\/wp\/v2\/types\/page"}],"author":[{"embeddable":true,"href":"https:\/\/farkasandri.hu\/index.php\/wp-json\/wp\/v2\/users\/1"}],"replies":[{"embeddable":true,"href":"https:\/\/farkasandri.hu\/index.php\/wp-json\/wp\/v2\/comments?post=18"}],"version-history":[{"count":4,"href":"https:\/\/farkasandri.hu\/index.php\/wp-json\/wp\/v2\/pages\/18\/revisions"}],"predecessor-version":[{"id":97,"href":"https:\/\/farkasandri.hu\/index.php\/wp-json\/wp\/v2\/pages\/18\/revisions\/97"}],"wp:attachment":[{"href":"https:\/\/farkasandri.hu\/index.php\/wp-json\/wp\/v2\/media?parent=18"}],"curies":[{"name":"wp","href":"https:\/\/api.w.org\/{rel}","templated":true}]}}