{"id":16,"date":"2026-01-20T15:25:48","date_gmt":"2026-01-20T15:25:48","guid":{"rendered":"https:\/\/farkasandri.hu\/?page_id=16"},"modified":"2026-02-16T18:52:32","modified_gmt":"2026-02-16T18:52:32","slug":"kozossegi","status":"publish","type":"page","link":"https:\/\/farkasandri.hu\/index.php\/kozossegi\/","title":{"rendered":"k\u00f6z\u00f6ss\u00e9gi"},"content":{"rendered":"<p>[et_pb_section fb_built=&#8221;1&#8243; _builder_version=&#8221;4.27.5&#8243; _module_preset=&#8221;default&#8221; custom_padding=&#8221;0px||8px|||&#8221; global_colors_info=&#8221;{}&#8221;][et_pb_row _builder_version=&#8221;4.27.5&#8243; _module_preset=&#8221;default&#8221; width=&#8221;90%&#8221; global_colors_info=&#8221;{}&#8221;][et_pb_column type=&#8221;4_4&#8243; _builder_version=&#8221;4.27.5&#8243; _module_preset=&#8221;default&#8221; global_colors_info=&#8221;{}&#8221;][et_pb_text _builder_version=&#8221;4.27.5&#8243; _module_preset=&#8221;default&#8221; text_font=&#8221;&#8211;et_global_body_font|300|||||||&#8221; text_text_color=&#8221;#7f7f7f&#8221; text_font_size=&#8221;20px&#8221; text_line_height=&#8221;2em&#8221; custom_margin=&#8221;10px||9px|||&#8221; global_colors_info=&#8221;{}&#8221;]<\/p>\n<p><span style=\"background-color: #fff200; padding: 3px;\"> K\u00f6z\u00f6ss\u00e9gi eg\u00e9szs\u00e9gfejleszt\u00e9s \u00e9s ment\u00e1lhigi\u00e9n\u00e9 <\/span><\/p>\n<p>Eg\u00e9szs\u00e9gfejleszt\u0151k\u00e9nt kisebb-nagyobb csoportok, k\u00f6z\u00f6ss\u00e9gek, szervezetek k\u00fcls\u0151-bels\u0151 er\u0151forr\u00e1sait felt\u00e9rk\u00e9pezem, javaslatot adok, seg\u00edtek a megval\u00f3s\u00edt\u00e1sban mind k\u00f6rnyezeti, illetve k\u00f6z\u00f6ss\u00e9gi sz\u00edntereken azok legoptim\u00e1lisabb az eg\u00e9szs\u00e9get \u00e9s j\u00f3ll\u00e9tet t\u00e1mogat\u00f3 m\u0171k\u00f6d\u00e9s\u00e9\u00e9rt.<\/p>\n<p>[\/et_pb_text][et_pb_image src=&#8221;https:\/\/farkasandri.hu\/wp-content\/uploads\/2026\/02\/CIRCLE.jpg&#8221; title_text=&#8221;CIRCLE&#8221; align=&#8221;right&#8221; _builder_version=&#8221;4.27.5&#8243; _module_preset=&#8221;default&#8221; width=&#8221;39%&#8221; hover_enabled=&#8221;0&#8243; global_colors_info=&#8221;{}&#8221; sticky_enabled=&#8221;0&#8243;][\/et_pb_image][\/et_pb_column][\/et_pb_row][\/et_pb_section][et_pb_section fb_built=&#8221;1&#8243; fullwidth=&#8221;on&#8221; _builder_version=&#8221;4.27.5&#8243; _module_preset=&#8221;default&#8221; global_colors_info=&#8221;{}&#8221;][et_pb_fullwidth_image title_text=&#8221;lab&#8221; _builder_version=&#8221;4.27.5&#8243; _module_preset=&#8221;default&#8221; global_colors_info=&#8221;{}&#8221;][\/et_pb_fullwidth_image][\/et_pb_section]<\/p>\n","protected":false},"excerpt":{"rendered":"<p>K\u00f6z\u00f6ss\u00e9gi eg\u00e9szs\u00e9gfejleszt\u00e9s \u00e9s ment\u00e1lhigi\u00e9n\u00e9 Eg\u00e9szs\u00e9gfejleszt\u0151k\u00e9nt kisebb-nagyobb csoportok, k\u00f6z\u00f6ss\u00e9gek, szervezetek k\u00fcls\u0151-bels\u0151 er\u0151forr\u00e1sait felt\u00e9rk\u00e9pezem, javaslatot adok, seg\u00edtek a megval\u00f3s\u00edt\u00e1sban mind k\u00f6rnyezeti, illetve k\u00f6z\u00f6ss\u00e9gi sz\u00edntereken azok legoptim\u00e1lisabb az eg\u00e9szs\u00e9get \u00e9s j\u00f3ll\u00e9tet t\u00e1mogat\u00f3 m\u0171k\u00f6d\u00e9s\u00e9\u00e9rt.<\/p>\n","protected":false},"author":1,"featured_media":0,"parent":0,"menu_order":0,"comment_status":"closed","ping_status":"closed","template":"","meta":{"_et_pb_use_builder":"on","_et_pb_old_content":"<!-- wp:divi\/placeholder \/-->","_et_gb_content_width":"","footnotes":""},"class_list":["post-16","page","type-page","status-publish","hentry"],"_links":{"self":[{"href":"https:\/\/farkasandri.hu\/index.php\/wp-json\/wp\/v2\/pages\/16","targetHints":{"allow":["GET"]}}],"collection":[{"href":"https:\/\/farkasandri.hu\/index.php\/wp-json\/wp\/v2\/pages"}],"about":[{"href":"https:\/\/farkasandri.hu\/index.php\/wp-json\/wp\/v2\/types\/page"}],"author":[{"embeddable":true,"href":"https:\/\/farkasandri.hu\/index.php\/wp-json\/wp\/v2\/users\/1"}],"replies":[{"embeddable":true,"href":"https:\/\/farkasandri.hu\/index.php\/wp-json\/wp\/v2\/comments?post=16"}],"version-history":[{"count":7,"href":"https:\/\/farkasandri.hu\/index.php\/wp-json\/wp\/v2\/pages\/16\/revisions"}],"predecessor-version":[{"id":132,"href":"https:\/\/farkasandri.hu\/index.php\/wp-json\/wp\/v2\/pages\/16\/revisions\/132"}],"wp:attachment":[{"href":"https:\/\/farkasandri.hu\/index.php\/wp-json\/wp\/v2\/media?parent=16"}],"curies":[{"name":"wp","href":"https:\/\/api.w.org\/{rel}","templated":true}]}}