{"id":14,"date":"2026-01-20T15:25:16","date_gmt":"2026-01-20T15:25:16","guid":{"rendered":"https:\/\/farkasandri.hu\/?page_id=14"},"modified":"2026-02-11T16:26:34","modified_gmt":"2026-02-11T16:26:34","slug":"konzultacio","status":"publish","type":"page","link":"https:\/\/farkasandri.hu\/index.php\/konzultacio\/","title":{"rendered":"konzult\u00e1ci\u00f3"},"content":{"rendered":"<p>[et_pb_section fb_built=&#8221;1&#8243; _builder_version=&#8221;4.27.5&#8243; _module_preset=&#8221;default&#8221; custom_padding=&#8221;0px||8px|||&#8221; global_colors_info=&#8221;{}&#8221;][et_pb_row _builder_version=&#8221;4.27.5&#8243; _module_preset=&#8221;default&#8221; width=&#8221;90%&#8221; global_colors_info=&#8221;{}&#8221;][et_pb_column type=&#8221;4_4&#8243; _builder_version=&#8221;4.27.5&#8243; _module_preset=&#8221;default&#8221; global_colors_info=&#8221;{}&#8221;][et_pb_text ul_position=&#8221;inside&#8221; _builder_version=&#8221;4.27.5&#8243; _module_preset=&#8221;default&#8221; text_font=&#8221;&#8211;et_global_body_font|300|||||||&#8221; text_text_color=&#8221;#7f7f7f&#8221; text_font_size=&#8221;20px&#8221; text_line_height=&#8221;2em&#8221; ul_line_height=&#8221;1.8em&#8221; custom_margin=&#8221;10px|||||&#8221; global_colors_info=&#8221;{}&#8221;]<\/p>\n<p>Miben seg\u00edthetek?<\/p>\n<p><span style=\"background-color: #fff200; padding: 3px;\"> Seg\u00edtek felfedezni, rendszerezni er\u0151forr\u00e1said, hogy mobiliz\u00e1lni tudd \u00e9ppen ott, akkor, amikor sz\u00fcks\u00e9ged van r\u00e1juk! <\/span><br \/><span style=\"color: #ffffff;\">aaa<\/span><\/p>\n<ul>\n<li><em>Amikor \u00fagy gondolod, hogy minden rendben van az \u00e9letedben, de lehetne m\u00e9g jobb.<\/em><\/li>\n<li><em>Amikor egy konkr\u00e9t \u00e9lethelyzet, esem\u00e9ny, konfliktus kibillentett \u00e9s nem tal\u00e1lsz vissza \u00f6nmagadhoz.<\/em><\/li>\n<li><em>Amikor egy d\u00f6nt\u00e9s helyzet el\u0151tt \u00e1llsz, \u00e9s j\u00f3l j\u00f6nne egy mentor, aki meghallgat \u00e9s melletted<\/em><br \/><em>van a folyamataid sor\u00e1n.<\/em><\/li>\n<li><em>Amikor azt \u00e9rzed, hogy igaz\u00e1b\u00f3l j\u00f3l lehetn\u00e9l, de valami\u00e9rt m\u00e9gsem.<\/em><\/li>\n<li><em>Amikor elj\u00f6tt az id\u0151, hogy \u00e9letm\u00f3dod valamely ter\u00fclet\u00e9n v\u00e1ltoztass, de j\u00f3 lenne, ha lenne egy t\u00e1mogat\u00f3d.<\/em><br \/><em>Ha \u00faj, pozit\u00edv szok\u00e1s kialak\u00edt\u00e1s\u00e1n gondolkozol j\u00f3ll\u00e9ted \u00e9rdek\u00e9ben.<\/em><\/li>\n<li><em>Amikor szeretn\u00e9l \u00f6ngondoskodni magadr\u00f3l, mert tudod, hogy az \u00e9let\u00fat sor\u00e1n vannak \u00e9s lesznek<\/em><br \/><em>v\u00e1ltoz\u00e1sok (\u00e9letszakasz v\u00e1lt\u00e1sok, menopauza, gyerekek feln\u0151tt\u00e9 v\u00e1l\u00e1sa, sz\u00fcl\u0151k elveszt\u00e9se,<\/em><br \/><em>munkahely v\u00e1lt\u00e1s, eg\u00e9szs\u00e9gi v\u00e1ltoz\u00e1sok) \u00e9s ezekre szeretn\u00e9l felk\u00e9sz\u00fclni a lehet\u0151s\u00e9gekhez k\u00e9pest.<\/em><\/li>\n<\/ul>\n<p>[\/et_pb_text][\/et_pb_column][\/et_pb_row][\/et_pb_section][et_pb_section fb_built=&#8221;1&#8243; fullwidth=&#8221;on&#8221; _builder_version=&#8221;4.27.5&#8243; _module_preset=&#8221;default&#8221; global_colors_info=&#8221;{}&#8221;][et_pb_fullwidth_image src=&#8221;https:\/\/farkasandri.hu\/wp-content\/uploads\/2026\/02\/SWING.jpg&#8221; title_text=&#8221;SWING&#8221; _builder_version=&#8221;4.27.5&#8243; _module_preset=&#8221;default&#8221; hover_enabled=&#8221;0&#8243; global_colors_info=&#8221;{}&#8221; sticky_enabled=&#8221;0&#8243;][\/et_pb_fullwidth_image][\/et_pb_section][et_pb_section fb_built=&#8221;1&#8243; _builder_version=&#8221;4.27.5&#8243; _module_preset=&#8221;default&#8221; custom_padding=&#8221;0px||8px|||&#8221; global_colors_info=&#8221;{}&#8221;][et_pb_row _builder_version=&#8221;4.27.5&#8243; _module_preset=&#8221;default&#8221; width=&#8221;90%&#8221; global_colors_info=&#8221;{}&#8221;][et_pb_column type=&#8221;4_4&#8243; _builder_version=&#8221;4.27.5&#8243; _module_preset=&#8221;default&#8221; global_colors_info=&#8221;{}&#8221;][et_pb_text _builder_version=&#8221;4.27.5&#8243; _module_preset=&#8221;default&#8221; text_font=&#8221;&#8211;et_global_body_font|300|||||||&#8221; text_text_color=&#8221;#7f7f7f&#8221; text_font_size=&#8221;20px&#8221; text_line_height=&#8221;2em&#8221; custom_margin=&#8221;10px|||||&#8221; global_colors_info=&#8221;{}&#8221;]Eg\u00e9szs\u00e9gfejleszt\u0151 ment\u00e1lhigi\u00e9n\u00e9s hozz\u00e1\u00e1ll\u00e1ssal, szalutogenetikus megk\u00f6zel\u00edt\u00e9ssel a biofeeling koncepci\u00f3ja ment\u00e9n, az er\u0151forr\u00e1sokra koncentr\u00e1lva az ontol\u00f3giai coaching eszk\u00f6zt\u00e1r\u00e1t is alkalmazva dolgozom. Hallgatlak, seg\u00edtek felt\u00e9rk\u00e9pezni a helyzeted, hogy sz\u00fcks\u00e9g szerint felismerd, megtervezd a v\u00e1ltoztat\u00e1s lehet\u0151s\u00e9geit, fel\u00e1ll\u00edtsd a j\u00f6v\u0151d scen\u00e1ri\u00f3j\u00e1t \u00e9s megtedd a sz\u00fcks\u00e9ges l\u00e9p\u00e9seket \u00f6nmagad\u00e9rt.<\/p>\n<p><span style=\"background-color:#FFF200; padding:3px;\"> Kiemelt hangs\u00falyt fektetek arra, hogy a konzul\u00e1ci\u00f3s folyamat sor\u00e1n felismerd \u00e9s aktiv\u00e1ld saj\u00e1t er\u0151forr\u00e1said, megtapasztald a bels\u0151 egyens\u00falyt \u00e9s energikuss\u00e1got, valamint k\u00e9pes l\u00e9gy \u00faj n\u00e9z\u0151pontb\u00f3l tekinteni a kih\u00edv\u00e1saidra. Megt\u00f6rt\u00e9nik egy \u00fajrakapcsol\u00f3d\u00e1s a benned \u00e9l\u0151 er\u0151idhez. <\/span><\/p>\n<p>Az els\u0151 besz\u00e9lget\u00e9s alkalm\u00e1val a hozott probl\u00e9ma ment\u00e9n \u00e1tn\u00e9zz\u00fck az \u00e9leted, az \u00e9letm\u00f3d fontos ter\u00fcleteit, majd eld\u00f6nt\u00f6m, hogy az \u00e9n kompetenci\u00e1m-e amire sz\u00fcks\u00e9ged van, illetve Te is meg\u00e9rzed, \u00e9n vagyok-e az, aki mellett elk\u00f6telez\u0151dsz, hogy k\u00eds\u00e9rjelek utadon ahhoz a legjobb \u00f6nmagadhoz, aki vagy.[\/et_pb_text][\/et_pb_column][\/et_pb_row][\/et_pb_section]<\/p>\n","protected":false},"excerpt":{"rendered":"<p>Miben seg\u00edthetek? Seg\u00edtek felfedezni, rendszerezni er\u0151forr\u00e1said, hogy mobiliz\u00e1lni tudd \u00e9ppen ott, akkor, amikor sz\u00fcks\u00e9ged van r\u00e1juk! aaa Amikor \u00fagy gondolod, hogy minden rendben van az \u00e9letedben, de lehetne m\u00e9g jobb. Amikor egy konkr\u00e9t \u00e9lethelyzet, esem\u00e9ny, konfliktus kibillentett \u00e9s nem tal\u00e1lsz vissza \u00f6nmagadhoz. Amikor egy d\u00f6nt\u00e9s helyzet el\u0151tt \u00e1llsz, \u00e9s j\u00f3l j\u00f6nne egy mentor, aki meghallgat [&hellip;]<\/p>\n","protected":false},"author":1,"featured_media":0,"parent":0,"menu_order":0,"comment_status":"closed","ping_status":"closed","template":"","meta":{"_et_pb_use_builder":"on","_et_pb_old_content":"<!-- wp:divi\/placeholder \/-->","_et_gb_content_width":"","footnotes":""},"class_list":["post-14","page","type-page","status-publish","hentry"],"_links":{"self":[{"href":"https:\/\/farkasandri.hu\/index.php\/wp-json\/wp\/v2\/pages\/14","targetHints":{"allow":["GET"]}}],"collection":[{"href":"https:\/\/farkasandri.hu\/index.php\/wp-json\/wp\/v2\/pages"}],"about":[{"href":"https:\/\/farkasandri.hu\/index.php\/wp-json\/wp\/v2\/types\/page"}],"author":[{"embeddable":true,"href":"https:\/\/farkasandri.hu\/index.php\/wp-json\/wp\/v2\/users\/1"}],"replies":[{"embeddable":true,"href":"https:\/\/farkasandri.hu\/index.php\/wp-json\/wp\/v2\/comments?post=14"}],"version-history":[{"count":12,"href":"https:\/\/farkasandri.hu\/index.php\/wp-json\/wp\/v2\/pages\/14\/revisions"}],"predecessor-version":[{"id":109,"href":"https:\/\/farkasandri.hu\/index.php\/wp-json\/wp\/v2\/pages\/14\/revisions\/109"}],"wp:attachment":[{"href":"https:\/\/farkasandri.hu\/index.php\/wp-json\/wp\/v2\/media?parent=14"}],"curies":[{"name":"wp","href":"https:\/\/api.w.org\/{rel}","templated":true}]}}