{"id":12,"date":"2026-01-20T15:24:37","date_gmt":"2026-01-20T15:24:37","guid":{"rendered":"https:\/\/farkasandri.hu\/?page_id=12"},"modified":"2026-02-04T21:22:49","modified_gmt":"2026-02-04T21:22:49","slug":"biofeeling","status":"publish","type":"page","link":"https:\/\/farkasandri.hu\/index.php\/biofeeling\/","title":{"rendered":"biofeeling"},"content":{"rendered":"<p>[et_pb_section fb_built=&#8221;1&#8243; _builder_version=&#8221;4.27.5&#8243; _module_preset=&#8221;default&#8221; custom_padding=&#8221;0px||8px|||&#8221; global_colors_info=&#8221;{}&#8221;][et_pb_row _builder_version=&#8221;4.27.5&#8243; _module_preset=&#8221;default&#8221; width=&#8221;90%&#8221; global_colors_info=&#8221;{}&#8221;][et_pb_column type=&#8221;4_4&#8243; _builder_version=&#8221;4.27.5&#8243; _module_preset=&#8221;default&#8221; global_colors_info=&#8221;{}&#8221;][et_pb_text _builder_version=&#8221;4.27.5&#8243; _module_preset=&#8221;default&#8221; text_font=&#8221;&#8211;et_global_body_font|300|||||||&#8221; text_text_color=&#8221;#7f7f7f&#8221; text_font_size=&#8221;20px&#8221; text_line_height=&#8221;2em&#8221; custom_margin=&#8221;10px|||||&#8221; hover_enabled=&#8221;0&#8243; global_colors_info=&#8221;{}&#8221; sticky_enabled=&#8221;0&#8243;]<span style=\"background-color:#FFF200; padding:3px;\"> b i o f e e l i n g <\/span> &#8211; az \u00e9lm\u00e9ny, amikor az ember tudatos kapcsolatba ker\u00fcl saj\u00e1t er\u0151forr\u00e1saival \u00e9s meg\u00e9li ezek jelenl\u00e9t\u00e9t, m\u0171k\u00f6d\u00e9s\u00e9t.<\/p>\n<p><span style=\"background-color:#FFF200; padding:3px;\"> \u2026 egyfajta \u201ebels\u0151 barom\u00e9ter\u201d, <\/span>amely m\u00e9ri, \u00e9rzi er\u0151forr\u00e1saink \u00e1llapot\u00e1t tudatos, tudattalan szinten visszajelz\u00e9st ad d\u00f6nt\u00e9seinkr\u0151l, \u00e9lethelyzet\u00fcnkr\u0151l. Mozgat, motiv\u00e1l, vagy \u00e9ppen blokkol att\u00f3l f\u00fcgg\u0151en, hogy er\u0151forr\u00e1saink el\u00e9rhet\u0151k-e.<\/p>\n<p><span style=\"background-color:#FFF200; padding:3px;\"> \u2026 egy bels\u0151 szem\u00e9lyes \u00e9rz\u00e9s, <\/span> mely t\u00fckr\u00f6zi mennyire vagyunk kapcsolatban saj\u00e1t er\u0151forr\u00e1sainkkal \u00e9s milyen m\u00e9rt\u00e9kben vagyunk k\u00e9pesek ezekre \u00e9p\u00edtve biztons\u00e1gban, \u00f6nazonosan \u00e9s hat\u00e9konyan m\u0171k\u00f6dni az \u00e9let k\u00fcl\u00f6nb\u00f6z\u0151 ter\u00fcletein, helyzeteiben.<\/p>\n<p>Ez az \u00e9rz\u00e9s lehet tudatos, reflekt\u00e1lt, amikor tudjuk, hogy \u201ej\u00f3l vagyunk\u201d. De m\u0171k\u00f6dhet tudattalanul \u201emegsejtetten\u201d, hogy valami nem stimmel, de nem tudjuk pontosan, hogy mi az.<\/p>\n<p><span style=\"background-color:#FFF200; padding:3px;\"> A biofeeling megk\u00f6zel\u00edt\u00e9sben a k\u00e9rd\u00e9s mindig az, hogy melyek azok az er\u0151forr\u00e1sok, amitol \u201ej\u00f3l\u201d, vagy m\u00e9g jobban \u00e9rezhetj\u00fck magunkat! <\/span>[\/et_pb_text][\/et_pb_column][\/et_pb_row][\/et_pb_section]<\/p>\n","protected":false},"excerpt":{"rendered":"<p>b i o f e e l i n g &#8211; az \u00e9lm\u00e9ny, amikor az ember tudatos kapcsolatba ker\u00fcl saj\u00e1t er\u0151forr\u00e1saival \u00e9s meg\u00e9li ezek jelenl\u00e9t\u00e9t, m\u0171k\u00f6d\u00e9s\u00e9t. \u2026 egyfajta \u201ebels\u0151 barom\u00e9ter\u201d, amely m\u00e9ri, \u00e9rzi er\u0151forr\u00e1saink \u00e1llapot\u00e1t tudatos, tudattalan szinten visszajelz\u00e9st ad d\u00f6nt\u00e9seinkr\u0151l, \u00e9lethelyzet\u00fcnkr\u0151l. Mozgat, motiv\u00e1l, vagy \u00e9ppen blokkol att\u00f3l f\u00fcgg\u0151en, hogy er\u0151forr\u00e1saink el\u00e9rhet\u0151k-e. \u2026 egy bels\u0151 [&hellip;]<\/p>\n","protected":false},"author":1,"featured_media":0,"parent":0,"menu_order":0,"comment_status":"closed","ping_status":"closed","template":"","meta":{"_et_pb_use_builder":"on","_et_pb_old_content":"<!-- wp:divi\/placeholder \/-->","_et_gb_content_width":"","footnotes":""},"class_list":["post-12","page","type-page","status-publish","hentry"],"_links":{"self":[{"href":"https:\/\/farkasandri.hu\/index.php\/wp-json\/wp\/v2\/pages\/12","targetHints":{"allow":["GET"]}}],"collection":[{"href":"https:\/\/farkasandri.hu\/index.php\/wp-json\/wp\/v2\/pages"}],"about":[{"href":"https:\/\/farkasandri.hu\/index.php\/wp-json\/wp\/v2\/types\/page"}],"author":[{"embeddable":true,"href":"https:\/\/farkasandri.hu\/index.php\/wp-json\/wp\/v2\/users\/1"}],"replies":[{"embeddable":true,"href":"https:\/\/farkasandri.hu\/index.php\/wp-json\/wp\/v2\/comments?post=12"}],"version-history":[{"count":4,"href":"https:\/\/farkasandri.hu\/index.php\/wp-json\/wp\/v2\/pages\/12\/revisions"}],"predecessor-version":[{"id":90,"href":"https:\/\/farkasandri.hu\/index.php\/wp-json\/wp\/v2\/pages\/12\/revisions\/90"}],"wp:attachment":[{"href":"https:\/\/farkasandri.hu\/index.php\/wp-json\/wp\/v2\/media?parent=12"}],"curies":[{"name":"wp","href":"https:\/\/api.w.org\/{rel}","templated":true}]}}